{"id":358,"date":"2022-10-17T08:18:45","date_gmt":"2022-10-17T08:18:45","guid":{"rendered":"https:\/\/imetrade.com\/?page_id=358"},"modified":"2022-10-17T08:18:45","modified_gmt":"2022-10-17T08:18:45","slug":"day-la-tieu-de-cua-trang-cung-la-ten-san-pham","status":"publish","type":"page","link":"https:\/\/imetrade.com\/?page_id=358","title":{"rendered":"\u0110\u00e2y l\u00e0 ti\u00eau \u0111\u1ec1 c\u1ee7a trang c\u0169ng l\u00e0 t\u00ean s\u1ea3n ph\u1ea9m"},"content":{"rendered":"\n<div class=\"wp-block-cover alignfull has-parallax has-custom-content-position is-position-bottom-center is-style-default ghostkit-custom-VXBj1\" style=\"background-image:url(https:\/\/imetrade.com\/wp-content\/uploads\/2020\/09\/working-1.jpg);min-height:150px;aspect-ratio:unset;\"><span aria-hidden=\"true\" class=\"wp-block-cover__background has-ast-global-color-3-background-color has-background-dim-80 has-background-dim\"><\/span><div class=\"wp-block-cover__inner-container is-layout-flow wp-block-cover-is-layout-flow\"><h1 class=\"wp-block-post-title has-text-color has-ast-global-color-8-color\">\u0110\u00e2y l\u00e0 ti\u00eau \u0111\u1ec1 c\u1ee7a trang c\u0169ng l\u00e0 t\u00ean s\u1ea3n ph\u1ea9m<\/h1><\/div><\/div>\n\n\n\n<div class=\"wp-block-columns is-layout-flex wp-container-core-columns-is-layout-28f84493 wp-block-columns-is-layout-flex\">\n<div class=\"wp-block-column is-layout-constrained wp-block-column-is-layout-constrained\">\n<p>Th\u00eam module n\u00e0y \u0111\u1ec3 nh\u1eadp text<\/p>\n\n\n\n<p>Ngo\u00e0i ra c\u00f3 th\u1ec3 l\u1ef1a ch\u1ecdn c\u00e1c module kh\u00e1c<\/p>\n\n\n\n<p>v\u00ed d\u1ee5 button l\u00e0 n\u00fat b\u1ea5m<\/p>\n\n\n\n<p>image l\u00e0 h\u00ecnh \u1ea3nh<\/p>\n\n\n\n<p>heading l\u00e0 ti\u00eau \u0111\u1ec1<\/p>\n<\/div>\n\n\n\n<div class=\"wp-block-column is-layout-flow wp-block-column-is-layout-flow\">\n<figure class=\"wp-block-image alignright size-large is-resized\"><img loading=\"lazy\" decoding=\"async\" src=\"http:\/\/imetrade.com\/wp-content\/uploads\/2018\/03\/viber-image-600x900.jpg\" alt=\"\" width=\"387\" height=\"580\"\/><\/figure>\n<\/div>\n<\/div>\n\n\n\n<div class=\"inherit-container-width wp-block-group alignfull has-ast-global-color-5-background-color has-background is-layout-constrained wp-block-group-is-layout-constrained\"><div class=\"wp-block-group__inner-container\">\n<h2 class=\"has-text-align-center wp-block-heading\" id=\"thi\u1ebft-b\u1ecb-x\u1eed-ly-nhi\u1ec7t-cho-nganh-thep\">THI\u1ebeT B\u1eca X\u1eec L\u00dd NHI\u1ec6T CHO NG\u00c0NH TH\u00c9P<\/h2>\n\n\n\n<div class=\"wp-block-columns alignwide is-layout-flex wp-container-core-columns-is-layout-28f84493 wp-block-columns-is-layout-flex\" style=\"border-radius:0px;border-style:none;border-width:0px\">\n<div class=\"wp-block-column has-link-color wp-elements-07713959dc6c8405df35d126561162b4 is-layout-constrained wp-block-column-is-layout-constrained\"><div class=\"wp-block-ub-tabbed-content wp-block-ub-tabbed-content-holder vertical-holder wp-block-ub-tabbed-content-horizontal-holder-mobile wp-block-ub-tabbed-content-horizontal-holder-tablet\" id=\"ub-tabbed-content-954179b9-3f64-4dd9-bd08-d44d5263b7fe\">\n                <div class=\"wp-block-ub-tabbed-content-tab-holder vertical-tab-width horizontal-tab-width-mobile horizontal-tab-width-tablet\">\n                    <div role=\"tablist\" class=\"wp-block-ub-tabbed-content-tabs-title-vertical-tab wp-block-ub-tabbed-content-tabs-title-mobile-horizontal-tab wp-block-ub-tabbed-content-tabs-title-tablet-horizontal-tab\"><div role=\"tab\" id=\"ub-tabbed-content-954179b9-3f64-4dd9-bd08-d44d5263b7fe-tab-0\" aria-controls=\"ub-tabbed-content-954179b9-3f64-4dd9-bd08-d44d5263b7fe-panel-0\"\n            aria-selected=\"true\" class = \"wp-block-ub-tabbed-content-tab-title-vertical-wrap active\" tabindex=\"-1\">\n            <div class=\"wp-block-ub-tabbed-content-tab-title\"><br><strong>HICON\/H2\u00ae ULTRA H&amp;T LINE &#8211; L\u00d2 \u1ee6 V\u00c0 T\u00d4I NHI\u1ec6T<\/strong><\/div><\/div><div role=\"tab\" id=\"ub-tabbed-content-954179b9-3f64-4dd9-bd08-d44d5263b7fe-tab-1\" aria-controls=\"ub-tabbed-content-954179b9-3f64-4dd9-bd08-d44d5263b7fe-panel-1\"\n            aria-selected=\"false\" class = \"wp-block-ub-tabbed-content-tab-title-vertical-wrap\" tabindex=\"-1\">\n            <div class=\"wp-block-ub-tabbed-content-tab-title\"><strong>THI\u1ebeT B\u1eca L\u00d2 X\u1eec L\u00dd NHI\u1ec6T CHO D\u1ea2I TH\u00c9P<\/strong><\/div><\/div><div role=\"tab\" id=\"ub-tabbed-content-954179b9-3f64-4dd9-bd08-d44d5263b7fe-tab-2\" aria-controls=\"ub-tabbed-content-954179b9-3f64-4dd9-bd08-d44d5263b7fe-panel-2\"\n            aria-selected=\"false\" class = \"wp-block-ub-tabbed-content-tab-title-vertical-wrap\" tabindex=\"-1\">\n            <div class=\"wp-block-ub-tabbed-content-tab-title\"><strong>THI\u1ebeT B\u1eca X\u1eec L\u00dd NHI\u1ec6T  CHO D\u00c2Y TH\u00c9P<\/strong><\/div><\/div><div role=\"tab\" id=\"ub-tabbed-content-954179b9-3f64-4dd9-bd08-d44d5263b7fe-tab-3\" aria-controls=\"ub-tabbed-content-954179b9-3f64-4dd9-bd08-d44d5263b7fe-panel-3\"\n            aria-selected=\"false\" class = \"wp-block-ub-tabbed-content-tab-title-vertical-wrap\" tabindex=\"-1\">\n            <div class=\"wp-block-ub-tabbed-content-tab-title\"><strong>THI\u1ebeT B\u1eca X\u1eec L\u00dd NHI\u1ec6T CHO \u1ed0NG V\u00c0 PH\u00d4I<\/strong><\/div><\/div><div role=\"tab\" id=\"ub-tabbed-content-954179b9-3f64-4dd9-bd08-d44d5263b7fe-tab-4\" aria-controls=\"ub-tabbed-content-954179b9-3f64-4dd9-bd08-d44d5263b7fe-panel-4\"\n            aria-selected=\"false\" class = \"wp-block-ub-tabbed-content-tab-title-vertical-wrap\" tabindex=\"-1\">\n            <div class=\"wp-block-ub-tabbed-content-tab-title\"><strong>L\u00d2 D\u1eacP N\u00d3NG<\/strong><\/div><\/div><\/div><\/div>\n                <div class=\"wp-block-ub-tabbed-content-tabs-content vertical-content-width \"><div role=\"tabpanel\" class=\"wp-block-ub-tabbed-content-tab-content-wrap active\"\n        id=\"ub-tabbed-content-954179b9-3f64-4dd9-bd08-d44d5263b7fe-panel-0\" aria-labelledby=\"ub-tabbed-content-954179b9-3f64-4dd9-bd08-d44d5263b7fe-tab-0\" tabindex=\"0\">\n\n<p><\/p>\n\n\n\n<div class=\"wp-block-columns is-layout-flex wp-container-core-columns-is-layout-28f84493 wp-block-columns-is-layout-flex\">\n<div class=\"wp-block-column is-layout-constrained wp-block-column-is-layout-constrained\">\n<p>D\u00e2y chuy\u1ec1n \u0111\u1ea7u ti\u00ean tr\u00ean th\u1ebf gi\u1edbi s\u1eed d\u1ee5ng 100% kh\u00ed hydro \u0111\u1ec3 t\u00f4i th\u00e9p v\u1edbi \u1ed1ng phun kh\u00ed hydro.<\/p>\n<\/div>\n\n\n\n<div class=\"wp-block-column is-layout-constrained wp-block-column-is-layout-constrained\">\n<figure class=\"wp-block-image alignright size-large is-resized\"><img loading=\"lazy\" decoding=\"async\" src=\"http:\/\/imetrade.com\/wp-content\/uploads\/2017\/12\/Vertical-martensite-cooling-section-1024x768.jpg\" alt=\"\" width=\"670\" height=\"502\"\/><\/figure>\n<\/div>\n<\/div>\n\n\n\n<p><\/p>\n\n<\/div><div role=\"tabpanel\" class=\"wp-block-ub-tabbed-content-tab-content-wrap ub-hide\"\n        id=\"ub-tabbed-content-954179b9-3f64-4dd9-bd08-d44d5263b7fe-panel-1\" aria-labelledby=\"ub-tabbed-content-954179b9-3f64-4dd9-bd08-d44d5263b7fe-tab-1\" tabindex=\"0\">\n\n<p><\/p>\n\n\n\n<div class=\"wp-block-columns is-layout-flex wp-container-core-columns-is-layout-28f84493 wp-block-columns-is-layout-flex\">\n<div class=\"wp-block-column is-layout-flow wp-block-column-is-layout-flow\">\n<p><strong>HICON | H2\u00ae \u2013 bell annealers \u2013 L\u00f2 \u1ee7 chu\u00f4ng<\/strong><\/p>\n\n\n\n<p>Thi\u1ebft b\u1ecb \u1ee7 s\u00e1ng cho c\u00e1c lo\u1ea1i th\u00e9p t\u1eeb kh\u00f4ng h\u1ee3p kim \u0111\u1ebfn h\u1ee3p kim cao<\/p>\n\n\n\n<p>http:\/\/www.ebner.cc\/en\/steel\/strip\/bell-annealers\/<\/p>\n\n\n\n<p><strong>HICON | H2\u00ae \u2013 bright-annealing lines \u2013 L\u00f2 \u1ee7 s\u00e1ng<\/strong><\/p>\n\n\n\n<p>D\u00e2y chuy\u1ec1n u li\u00ean t\u1ee5c cho c\u00e1c lo\u1ea1i th\u00e9p t\u1eeb kh\u00f4ng h\u1ee3p kim \u0111\u1ebfn h\u1ee3p kim cao ch\u1eb3ng<\/p>\n\n\n\n<p>h\u1ea1n nh\u01b0 h\u1ee3p kim Cr v\u00e0 h\u1ee3p kim CrNi, h\u1ee3p kim \u0111\u1eb7c bi\u1ec7t ch\u1ee9a NiFe, titanium\u2026 v\u00e0 th\u00e9p l\u00e1 c\u00f3 tr\u00e1ng ph\u1ee7<\/p>\n\n\n\n<p><a href=\"http:\/\/www.ebner.cc\/en\/steel\/strip\/bright-annealing-lines\/\">http:\/\/www.ebner.cc\/en\/steel\/strip\/bright-annealing-lines\/<\/a><\/p>\n\n\n\n<p><strong>HICON\u00ae \u2013 hardening and tempering lines \u2013 L\u00f2 \u1ee7 v\u00e0 t\u00f4i nhi\u1ec7t<\/strong><\/p>\n\n\n\n<p>L\u00f2 \u1ee7 li\u00ean t\u1ee5c l\u00e0m c\u1ee9ng v\u00e0 t\u00f4i cho c\u00e1c lo\u1ea1i th\u00e9p t\u1eeb kh\u00f4ng h\u1ee3p kim \u0111\u1ebfn h\u1ee3p kim cao<\/p>\n\n\n\n<p><a href=\"http:\/\/www.ebner.cc\/en\/steel\/strip\/h-t-lines\/\">http:\/\/www.ebner.cc\/en\/steel\/strip\/h-t-lines\/<\/a><\/p>\n\n\n\n<p><strong>HICON\u00ae-&nbsp;<\/strong><strong>galvanizing and annealing lines \u2013 D\u00e2y chuy\u1ec1n \u1ee7 v\u00e0 m\u1ea1 \u0111\u1ee9ng<\/strong><\/p>\n<\/div>\n\n\n\n<div class=\"wp-block-column is-layout-flow wp-block-column-is-layout-flow\">\n<figure class=\"wp-block-image alignright size-large is-resized\"><img loading=\"lazy\" decoding=\"async\" src=\"http:\/\/imetrade.com\/wp-content\/uploads\/2017\/12\/Bell-annealer-facility-to-heat-treat-steel-strip-coils-1024x757.jpg\" alt=\"\" width=\"669\" height=\"494\"\/><\/figure>\n<\/div>\n<\/div>\n\n<\/div><div role=\"tabpanel\" class=\"wp-block-ub-tabbed-content-tab-content-wrap ub-hide\"\n        id=\"ub-tabbed-content-954179b9-3f64-4dd9-bd08-d44d5263b7fe-panel-2\" aria-labelledby=\"ub-tabbed-content-954179b9-3f64-4dd9-bd08-d44d5263b7fe-tab-2\" tabindex=\"0\">\n\n<p><\/p>\n\n\n\n<div class=\"wp-block-columns is-layout-flex wp-container-core-columns-is-layout-28f84493 wp-block-columns-is-layout-flex\">\n<div class=\"wp-block-column is-layout-flow wp-block-column-is-layout-flow\">\n<p><strong>HICON | H2\u00ae \u2013 bell annealers \u2013 L\u00f2 \u1ee7 chu\u00f4ng<\/strong><br>D\u00f9ng \u1ee7 s\u00e1ng cho c\u00e1c cu\u1ed9n d\u00e2y th\u00e9p t\u1eeb kh\u00f4ng h\u1ee3p kim \u0111\u1ebfn h\u1ee3p kim cao<\/p>\n<\/div>\n\n\n\n<div class=\"wp-block-column is-layout-flow wp-block-column-is-layout-flow\">\n<figure class=\"wp-block-image alignright size-large is-resized\"><img loading=\"lazy\" decoding=\"async\" src=\"http:\/\/imetrade.com\/wp-content\/uploads\/2017\/12\/HICON-bell-annealer-470x352.jpg\" alt=\"\" width=\"634\" height=\"475\"\/><\/figure>\n<\/div>\n<\/div>\n\n\n\n<p><\/p>\n\n<\/div><div role=\"tabpanel\" class=\"wp-block-ub-tabbed-content-tab-content-wrap ub-hide\"\n        id=\"ub-tabbed-content-954179b9-3f64-4dd9-bd08-d44d5263b7fe-panel-3\" aria-labelledby=\"ub-tabbed-content-954179b9-3f64-4dd9-bd08-d44d5263b7fe-tab-3\" tabindex=\"0\">\n\n<p><\/p>\n\n\n\n<div class=\"wp-block-columns is-layout-flex wp-container-core-columns-is-layout-28f84493 wp-block-columns-is-layout-flex\">\n<div class=\"wp-block-column is-layout-flow wp-block-column-is-layout-flow\">\n<p><strong>L\u00f2 \u0111\u1ea9y ki\u1ec3u con l\u0103n<\/strong><\/p>\n\n\n\n<p>Thi\u1ebft b\u1ecb \u1ee7 cho d\u00e2y th\u00e9p t\u1eeb kh\u00f4ng h\u1ee3p kim \u0111\u1ebfn h\u1ee3p kim cao.<\/p>\n\n\n\n<p>http:\/\/www.ebner.cc\/en\/steel\/tubesbars\/roller-hearth-furnaces\/<\/p>\n<\/div>\n\n\n\n<div class=\"wp-block-column is-layout-flow wp-block-column-is-layout-flow\">\n<figure class=\"wp-block-image alignright size-large is-resized\"><img loading=\"lazy\" decoding=\"async\" src=\"http:\/\/imetrade.com\/wp-content\/uploads\/2017\/12\/Roller-hearth-furnace-for-steel-long-products-470x352.jpg\" alt=\"\" width=\"634\" height=\"475\"\/><\/figure>\n<\/div>\n<\/div>\n\n\n\n<p><\/p>\n\n<\/div><div role=\"tabpanel\" class=\"wp-block-ub-tabbed-content-tab-content-wrap ub-hide\"\n        id=\"ub-tabbed-content-954179b9-3f64-4dd9-bd08-d44d5263b7fe-panel-4\" aria-labelledby=\"ub-tabbed-content-954179b9-3f64-4dd9-bd08-d44d5263b7fe-tab-4\" tabindex=\"0\">\n\n<p><\/p>\n\n\n\n<div class=\"wp-block-columns is-layout-flex wp-container-core-columns-is-layout-28f84493 wp-block-columns-is-layout-flex\">\n<div class=\"wp-block-column is-layout-flow wp-block-column-is-layout-flow\">\n<p>D\u1eadp n\u00f3ng v\u00e0 t\u1ea1o h\u00ecnh kim lo\u1ea1i n\u00f3ng l\u00e0 ph\u01b0\u01a1ng ph\u00e1p gi\u00fap kim lo\u1ea1i k\u1ebft h\u1ee3p c\u1ea3 2 \u01b0u \u0111i\u1ec3m l\u00e0 c\u00f3 \u0111\u1ed9 d\u1ebbo cao nh\u1ea5t v\u00e0 s\u1ee9c ch\u1ecbu k\u00e9o t\u1ed1t nh\u1ea5t.<\/p>\n\n\n\n<p>Nh\u1eefng b\u1ed9 ph\u1eadn v\u1edbi c\u1ea5u tr\u00fac ph\u1ee9c t\u1ea1p c\u00f3 s\u1ee9c ch\u1ecbu k\u00e9o t\u1edbi h\u01a1n 1500 MPa \u0111\u00e3 \u0111\u1eb7t ra ti\u00eau chu\u1ea9n m\u1edbi trong l\u0129nh v\u1ef1c&nbsp; s\u1ea3n xu\u1ea5t thi\u1ebft b\u1ecb t\u1ef1 \u0111\u1ed9ng h\u1ea1ng nh\u1eb9 v\u00e0 cho c\u00e1c ch\u1ec9 s\u1ed1 trong ki\u1ec3m tra va ch\u1ea1m. L\u00f2 d\u1eadp n\u00f3nghotPHASE<sup>\u00ae<\/sup>&nbsp;mang \u0111\u1ebfn s\u1ef1 linh ho\u1ea1t v\u00e0 ch\u00ednh x\u00e1c \u1ea5n t\u01b0\u1ee3ng trong vi\u1ec7c ki\u1ec3m so\u00e1t l\u01b0\u1ee3ng kh\u00ed v\u00e0 nhi\u1ec7t \u0111\u1ed9, nhi\u1ec7t \u0111\u1ed9 nung n\u00f3ng ph\u00f4i n\u1eb1m trong sai s\u1ed1 cho ph\u00e9p. Thi\u1ebft b\u1ecb c\u00f3 t\u00ednh kh\u1ea3 d\u1ee5ng cao nh\u1edd c\u00f3 k\u1ebft c\u1ea5u v\u1eefng ch\u1eafc v\u00e0 c\u00e1ch b\u1ea3o d\u01b0\u1ee1ng \u0111\u01a1n gi\u1ea3n.<\/p>\n\n\n\n<p>Thi\u1ebft b\u1ecb c\u00f3 th\u1ec3 \u0111\u01b0\u1ee3c l\u1eafp \u0111\u1eb7t theo ti\u00eau chu\u1ea9n y\u00eau c\u1ea7u b\u1edfi ng\u00e0nh c\u00f4ng nghi\u1ec7p t\u1ef1 \u0111\u1ed9ng h\u00f3a theo CQI-9 (AIAG)<\/p>\n\n\n\n<p>Th\u00f4ng s\u1ed1 c\u1ee7a l\u00f2 d\u1eadp n\u00f3ng:<\/p>\n\n\n\n<ul class=\"wp-block-list\"><li>L\u00f2 \u0111\u1ea9y ki\u1ec3u con l\u0103n \u201clo\u1ea1i \u0111\u01a1n\u201d :&nbsp;<a href=\"http:\/\/www.ebner.cc\/en\/presshardening\/roller-hearth-furnaces\/single-type\/\">http:\/\/www.ebner.cc\/en\/presshardening\/roller-hearth-furnaces\/single-type\/<\/a><\/li><li>L\u00f2 \u0111\u1ea9y ki\u1ec3u con l\u0103n \u201clo\u1ea1i \u0111\u00f4i\u201d:&nbsp;<a href=\"http:\/\/www.ebner.cc\/en\/presshardening\/roller-hearth-furnaces\/twintype\/\">http:\/\/www.ebner.cc\/en\/presshardening\/roller-hearth-furnaces\/twintype\/<\/a><\/li><li>L\u00f2 \u0111\u1ea9y ki\u1ec3u con l\u0103n hai t\u1ea7ng:&nbsp;<a href=\"http:\/\/www.ebner.cc\/en\/presshardening\/roller-hearth-furnaces\/double-decker\/\">http:\/\/www.ebner.cc\/en\/presshardening\/roller-hearth-furnaces\/double-decker\/<\/a><\/li><li>L\u00f2 bu\u1ed3ng c\u00f3 nhi\u1ec1u n\u1ea5c:&nbsp;<a href=\"http:\/\/www.ebner.cc\/en\/presshardening\/multi-level-batch-type-furnaces\/\">http:\/\/www.ebner.cc\/en\/presshardening\/multi-level-batch-type-furnaces\/<\/a><\/li><\/ul>\n<\/div>\n\n\n\n<div class=\"wp-block-column is-layout-flow wp-block-column-is-layout-flow\">\n<figure class=\"wp-block-image alignright size-large is-resized\"><img loading=\"lazy\" decoding=\"async\" src=\"http:\/\/imetrade.com\/wp-content\/uploads\/2017\/12\/Horizontal-strip-hardening-and-tempering-line-470x352.jpg\" alt=\"\" width=\"635\" height=\"476\"\/><\/figure>\n<\/div>\n<\/div>\n\n\n\n<p><\/p>\n\n<\/div><\/div>\n            <\/div><\/div>\n<\/div>\n<\/div><\/div>\n\n\n\n<div class=\"inherit-container-width wp-block-group alignfull has-ast-global-color-4-background-color has-background is-layout-constrained wp-block-group-is-layout-constrained\"><div class=\"wp-block-group__inner-container\">\n<div class=\"wp-block-columns alignfull are-vertically-aligned-center is-layout-flex wp-container-core-columns-is-layout-28f84493 wp-block-columns-is-layout-flex\">\n<div class=\"wp-block-column is-vertically-aligned-center is-layout-flow wp-block-column-is-layout-flow\" style=\"flex-basis:66.66%\">\n<h3 class=\"has-text-align-left wp-block-heading\" id=\"qui-khach-c\u1ea7n-t\u1eeb-v\u1ea5n-s\u1ea3n-ph\u1ea9m-hay-lien-h\u1ec7-chung-toi\">Qu\u00ed kh\u00e1ch c\u1ea7n t\u1eeb v\u1ea5n s\u1ea3n ph\u1ea9m? H\u00e3y li\u00ean h\u1ec7 ch\u00fang t\u00f4i.<\/h3>\n<\/div>\n\n\n\n<div class=\"wp-block-column is-vertically-aligned-center is-layout-flow wp-block-column-is-layout-flow\" style=\"flex-basis:33.33%\">\n<div class=\"wp-block-buttons is-horizontal is-content-justification-center is-layout-flex wp-container-core-buttons-is-layout-03627597 wp-block-buttons-is-layout-flex\">\n<div class=\"wp-block-button is-style-fill\"><a class=\"wp-block-button__link\" href=\"https:\/\/imetrade.com\/contact\/\">Li\u00ean h\u1ec7 ngay<\/a><\/div>\n<\/div>\n<\/div>\n<\/div>\n<\/div><\/div>\n","protected":false},"excerpt":{"rendered":"<p>Th\u00eam module n\u00e0y \u0111\u1ec3 nh\u1eadp text Ngo\u00e0i ra c\u00f3 th\u1ec3 l\u1ef1a ch\u1ecdn c\u00e1c module kh\u00e1c v\u00ed d\u1ee5 button l\u00e0 n\u00fat b\u1ea5m image l\u00e0 h\u00ecnh \u1ea3nh heading l\u00e0 ti\u00eau \u0111\u1ec1 THI\u1ebeT B\u1eca X\u1eec L\u00dd NHI\u1ec6T CHO NG\u00c0NH TH\u00c9P Qu\u00ed kh\u00e1ch c\u1ea7n t\u1eeb v\u1ea5n s\u1ea3n ph\u1ea9m? H\u00e3y li\u00ean h\u1ec7 ch\u00fang t\u00f4i.<\/p>\n","protected":false},"author":1,"featured_media":0,"parent":0,"menu_order":0,"comment_status":"closed","ping_status":"closed","template":"","meta":{"_coblocks_attr":"","_coblocks_dimensions":"","_coblocks_responsive_height":"","_coblocks_accordion_ie_support":"","ub_ctt_via":"","ghostkit_customizer_options":"","ghostkit_custom_css":"","ghostkit_custom_js_head":"","ghostkit_custom_js_foot":"","ghostkit_typography":"","site-sidebar-layout":"default","site-content-layout":"default","ast-global-header-display":"","ast-main-header-display":"","ast-hfb-above-header-display":"","ast-hfb-below-header-display":"","ast-hfb-mobile-header-display":"","site-post-title":"","ast-breadcrumbs-content":"","ast-featured-img":"","footer-sml-layout":"","theme-transparent-header-meta":"","adv-header-id-meta":"","stick-header-meta":"","header-above-stick-meta":"","header-main-stick-meta":"","header-below-stick-meta":"","footnotes":""},"class_list":["post-358","page","type-page","status-publish","hentry"],"featured_image_src":null,"uagb_featured_image_src":{"full":false,"thumbnail":false,"medium":false,"medium_large":false,"large":false,"1536x1536":false,"2048x2048":false},"uagb_author_info":{"display_name":"imetrade_admin","author_link":"https:\/\/imetrade.com\/?author=1"},"uagb_comment_info":0,"uagb_excerpt":"Th\u00eam module n\u00e0y \u0111\u1ec3 nh\u1eadp text Ngo\u00e0i ra c\u00f3 th\u1ec3 l\u1ef1a ch\u1ecdn c\u00e1c module kh\u00e1c v\u00ed d\u1ee5 button l\u00e0 n\u00fat b\u1ea5m image l\u00e0 h\u00ecnh \u1ea3nh heading l\u00e0 ti\u00eau \u0111\u1ec1 THI\u1ebeT B\u1eca X\u1eec L\u00dd NHI\u1ec6T CHO NG\u00c0NH TH\u00c9P Qu\u00ed kh\u00e1ch c\u1ea7n t\u1eeb v\u1ea5n s\u1ea3n ph\u1ea9m? H\u00e3y li\u00ean h\u1ec7 ch\u00fang t\u00f4i.","_links":{"self":[{"href":"https:\/\/imetrade.com\/index.php?rest_route=\/wp\/v2\/pages\/358","targetHints":{"allow":["GET"]}}],"collection":[{"href":"https:\/\/imetrade.com\/index.php?rest_route=\/wp\/v2\/pages"}],"about":[{"href":"https:\/\/imetrade.com\/index.php?rest_route=\/wp\/v2\/types\/page"}],"author":[{"embeddable":true,"href":"https:\/\/imetrade.com\/index.php?rest_route=\/wp\/v2\/users\/1"}],"replies":[{"embeddable":true,"href":"https:\/\/imetrade.com\/index.php?rest_route=%2Fwp%2Fv2%2Fcomments&post=358"}],"version-history":[{"count":1,"href":"https:\/\/imetrade.com\/index.php?rest_route=\/wp\/v2\/pages\/358\/revisions"}],"predecessor-version":[{"id":359,"href":"https:\/\/imetrade.com\/index.php?rest_route=\/wp\/v2\/pages\/358\/revisions\/359"}],"wp:attachment":[{"href":"https:\/\/imetrade.com\/index.php?rest_route=%2Fwp%2Fv2%2Fmedia&parent=358"}],"curies":[{"name":"wp","href":"https:\/\/api.w.org\/{rel}","templated":true}]}}