{"id":322,"date":"2022-09-25T15:31:05","date_gmt":"2022-09-25T15:31:05","guid":{"rendered":"https:\/\/imetrade.com\/?page_id=322"},"modified":"2022-09-25T15:47:34","modified_gmt":"2022-09-25T15:47:34","slug":"thiet-bi-luyen-kim-cua-xiao-eme","status":"publish","type":"page","link":"https:\/\/imetrade.com\/?page_id=322","title":{"rendered":"THI\u1ebeT B\u1eca LUY\u1ec6N KIM C\u1ee6A XIAO EME"},"content":{"rendered":"\n<div class=\"wp-block-cover alignfull has-parallax has-custom-content-position is-position-bottom-center is-style-default ghostkit-custom-VXBj1\" style=\"background-image:url(https:\/\/imetrade.com\/wp-content\/uploads\/2020\/09\/working-1.jpg);min-height:150px;aspect-ratio:unset;\"><span aria-hidden=\"true\" class=\"wp-block-cover__background has-ast-global-color-3-background-color has-background-dim-80 has-background-dim\"><\/span><div class=\"wp-block-cover__inner-container is-layout-flow wp-block-cover-is-layout-flow\"><h1 class=\"wp-block-post-title has-text-color has-ast-global-color-8-color\">THI\u1ebeT B\u1eca LUY\u1ec6N KIM C\u1ee6A XIAO EME<\/h1><\/div><\/div>\n\n\n\n<div class=\"inherit-container-width wp-block-group alignfull has-ast-global-color-4-background-color has-background is-layout-constrained wp-block-group-is-layout-constrained\"><div class=\"wp-block-group__inner-container\">\n<div class=\"wp-block-columns is-layout-flex wp-container-core-columns-is-layout-28f84493 wp-block-columns-is-layout-flex\">\n<div class=\"wp-block-column is-layout-flow wp-block-column-is-layout-flow\" style=\"flex-basis:50%\">\n<p>S\u1ea3n ph\u1ea7m v\u00e0 d\u1ecbch v\u1ee5 ch\u00ednh c\u1ee7a XI\u2019AN EME l\u00e0 t\u01b0 v\u1ea5n k\u1ef9 thu\u1eadt, thi\u1ebft k\u1ebf, ch\u1ebf t\u1ea1o, l\u1eafp \u0111\u1eb7t thi\u1ebft b\u1ecb phi ti\u00eau chu\u1ea9n v\u00e0 thi\u1ebft b\u1ecb \u0111\u1ed3ng b\u1ed9, linh ph\u1ee5 ki\u1ec7n, v\u1eadt li\u1ec7u ch\u1ecbu l\u1eeda\u2026 bao th\u1ea7u c\u00e1c c\u00f4ng tr\u00ecnh luy\u1ec7n kim.<\/p>\n\n\n\n<p>Chi ti\u1ebft c\u00e1c s\u1ea3n ph\u1ea7m v\u00e0 d\u1ecbch v\u1ee5 c\u1ee7a XI\u2019AN EME xin xem catalogue \u0111\u00ednh k\u00e8m.<\/p>\n\n\n\n<div class=\"wp-block-file\"><a id=\"wp-block-file--media-f276df57-470f-4436-ad6d-d2061319c4ae\" href=\"https:\/\/imetrade.com\/wp-content\/uploads\/2022\/09\/1-\u5c01\u9762.pdf\">1-\u5c01\u9762<\/a><a href=\"https:\/\/imetrade.com\/wp-content\/uploads\/2022\/09\/1-\u5c01\u9762.pdf\" class=\"wp-block-file__button\" download aria-describedby=\"wp-block-file--media-f276df57-470f-4436-ad6d-d2061319c4ae\">Download<\/a><\/div>\n<\/div>\n\n\n\n<div class=\"wp-block-column is-layout-constrained wp-block-column-is-layout-constrained\" style=\"flex-basis:50%\">\n<figure class=\"wp-block-image alignright size-large\"><img decoding=\"async\" src=\"http:\/\/imetrade.com\/wp-content\/uploads\/2018\/03\/xian-eme-4-600x337.jpg\" alt=\"\"\/><\/figure>\n<\/div>\n<\/div>\n<\/div><\/div>\n\n\n\n<div class=\"inherit-container-width wp-block-group alignfull has-background is-layout-constrained wp-block-group-is-layout-constrained\" style=\"background-color:#c3ccd633\"><div class=\"wp-block-group__inner-container\">\n<div class=\"wp-block-columns alignfull are-vertically-aligned-center is-layout-flex wp-container-core-columns-is-layout-28f84493 wp-block-columns-is-layout-flex\">\n<div class=\"wp-block-column is-vertically-aligned-center is-layout-flow wp-block-column-is-layout-flow\" style=\"flex-basis:66.66%\">\n<h3 class=\"has-text-align-left wp-block-heading\" id=\"qui-khach-c\u1ea7n-t\u1eeb-v\u1ea5n-s\u1ea3n-ph\u1ea9m-hay-lien-h\u1ec7-chung-toi\">Qu\u00ed kh\u00e1ch c\u1ea7n t\u1eeb v\u1ea5n s\u1ea3n ph\u1ea9m? H\u00e3y li\u00ean h\u1ec7 ch\u00fang t\u00f4i.<\/h3>\n<\/div>\n\n\n\n<div class=\"wp-block-column is-vertically-aligned-center is-layout-flow wp-block-column-is-layout-flow\" style=\"flex-basis:33.33%\">\n<div class=\"wp-block-buttons is-horizontal is-content-justification-center is-layout-flex wp-container-core-buttons-is-layout-03627597 wp-block-buttons-is-layout-flex\">\n<div class=\"wp-block-button is-style-fill\"><a class=\"wp-block-button__link\" href=\"https:\/\/imetrade.com\/contact\/\">Li\u00ean h\u1ec7 ngay<\/a><\/div>\n<\/div>\n<\/div>\n<\/div>\n<\/div><\/div>\n","protected":false},"excerpt":{"rendered":"<p>S\u1ea3n ph\u1ea7m v\u00e0 d\u1ecbch v\u1ee5 ch\u00ednh c\u1ee7a XI\u2019AN EME l\u00e0 t\u01b0 v\u1ea5n k\u1ef9 thu\u1eadt, thi\u1ebft k\u1ebf, ch\u1ebf t\u1ea1o, l\u1eafp \u0111\u1eb7t thi\u1ebft b\u1ecb phi ti\u00eau chu\u1ea9n v\u00e0 thi\u1ebft b\u1ecb \u0111\u1ed3ng b\u1ed9, linh ph\u1ee5 ki\u1ec7n, v\u1eadt li\u1ec7u ch\u1ecbu l\u1eeda\u2026 bao th\u1ea7u c\u00e1c c\u00f4ng tr\u00ecnh luy\u1ec7n kim. Chi ti\u1ebft c\u00e1c s\u1ea3n ph\u1ea7m v\u00e0 d\u1ecbch v\u1ee5 c\u1ee7a XI\u2019AN EME &hellip;<\/p>\n<p class=\"read-more\"> <a class=\"\" href=\"https:\/\/imetrade.com\/?page_id=322\"> <span class=\"screen-reader-text\">THI\u1ebeT B\u1eca LUY\u1ec6N KIM C\u1ee6A XIAO EME<\/span> Read More &raquo;<\/a><\/p>\n","protected":false},"author":1,"featured_media":0,"parent":0,"menu_order":0,"comment_status":"closed","ping_status":"closed","template":"","meta":{"_coblocks_attr":"","_coblocks_dimensions":"","_coblocks_responsive_height":"","_coblocks_accordion_ie_support":"","ub_ctt_via":"","ghostkit_customizer_options":"","ghostkit_custom_css":"","ghostkit_custom_js_head":"","ghostkit_custom_js_foot":"","ghostkit_typography":"{\"body\":{\"fontFamily\":\"\",\"fontFamilyCategory\":\"default\",\"fontSize\":\"\",\"fontWeight\":\"\",\"lineHeight\":\"\",\"letterSpacing\":\"\",\"label\":\"Body\",\"childOf\":\"\"},\"buttons\":{\"fontFamily\":\"\",\"fontFamilyCategory\":\"default\",\"fontSize\":\"\",\"fontWeight\":\"\",\"lineHeight\":\"\",\"letterSpacing\":\"\",\"label\":\"Buttons\",\"childOf\":\"\"},\"headings\":{\"fontFamily\":\"\",\"fontFamilyCategory\":\"default\",\"fontWeight\":\"\",\"lineHeight\":\"\",\"letterSpacing\":\"\",\"label\":\"Headings\",\"childOf\":\"\"},\"h1\":{\"fontSize\":\"\",\"lineHeight\":\"\",\"letterSpacing\":\"\",\"label\":\"H1\",\"childOf\":\"headings\"},\"h2\":{\"fontSize\":\"\",\"lineHeight\":\"\",\"letterSpacing\":\"\",\"label\":\"H2\",\"childOf\":\"headings\"},\"h3\":{\"fontSize\":\"\",\"lineHeight\":\"\",\"letterSpacing\":\"\",\"label\":\"H3\",\"childOf\":\"headings\"},\"h4\":{\"fontSize\":\"\",\"lineHeight\":\"\",\"letterSpacing\":\"\",\"label\":\"H4\",\"childOf\":\"headings\"},\"h5\":{\"fontSize\":\"\",\"lineHeight\":\"\",\"letterSpacing\":\"\",\"label\":\"H5\",\"childOf\":\"headings\"},\"h6\":{\"fontSize\":\"\",\"lineHeight\":\"\",\"letterSpacing\":\"\",\"label\":\"H6\",\"childOf\":\"headings\"}}","site-sidebar-layout":"default","site-content-layout":"plain-container","ast-global-header-display":"","ast-main-header-display":"","ast-hfb-above-header-display":"","ast-hfb-below-header-display":"","ast-hfb-mobile-header-display":"","site-post-title":"","ast-breadcrumbs-content":"disabled","ast-featured-img":"","footer-sml-layout":"","theme-transparent-header-meta":"enabled","adv-header-id-meta":"","stick-header-meta":"enabled","header-above-stick-meta":"disabled","header-main-stick-meta":"disabled","header-below-stick-meta":"","footnotes":""},"class_list":["post-322","page","type-page","status-publish","hentry"],"featured_image_src":null,"uagb_featured_image_src":{"full":false,"thumbnail":false,"medium":false,"medium_large":false,"large":false,"1536x1536":false,"2048x2048":false},"uagb_author_info":{"display_name":"imetrade_admin","author_link":"https:\/\/imetrade.com\/?author=1"},"uagb_comment_info":0,"uagb_excerpt":"S\u1ea3n ph\u1ea7m v\u00e0 d\u1ecbch v\u1ee5 ch\u00ednh c\u1ee7a XI\u2019AN EME l\u00e0 t\u01b0 v\u1ea5n k\u1ef9 thu\u1eadt, thi\u1ebft k\u1ebf, ch\u1ebf t\u1ea1o, l\u1eafp \u0111\u1eb7t thi\u1ebft b\u1ecb phi ti\u00eau chu\u1ea9n v\u00e0 thi\u1ebft b\u1ecb \u0111\u1ed3ng b\u1ed9, linh ph\u1ee5 ki\u1ec7n, v\u1eadt li\u1ec7u ch\u1ecbu l\u1eeda\u2026 bao th\u1ea7u c\u00e1c c\u00f4ng tr\u00ecnh luy\u1ec7n kim. Chi ti\u1ebft c\u00e1c s\u1ea3n ph\u1ea7m v\u00e0 d\u1ecbch v\u1ee5 c\u1ee7a XI\u2019AN EME&hellip;","_links":{"self":[{"href":"https:\/\/imetrade.com\/index.php?rest_route=\/wp\/v2\/pages\/322","targetHints":{"allow":["GET"]}}],"collection":[{"href":"https:\/\/imetrade.com\/index.php?rest_route=\/wp\/v2\/pages"}],"about":[{"href":"https:\/\/imetrade.com\/index.php?rest_route=\/wp\/v2\/types\/page"}],"author":[{"embeddable":true,"href":"https:\/\/imetrade.com\/index.php?rest_route=\/wp\/v2\/users\/1"}],"replies":[{"embeddable":true,"href":"https:\/\/imetrade.com\/index.php?rest_route=%2Fwp%2Fv2%2Fcomments&post=322"}],"version-history":[{"count":6,"href":"https:\/\/imetrade.com\/index.php?rest_route=\/wp\/v2\/pages\/322\/revisions"}],"predecessor-version":[{"id":343,"href":"https:\/\/imetrade.com\/index.php?rest_route=\/wp\/v2\/pages\/322\/revisions\/343"}],"wp:attachment":[{"href":"https:\/\/imetrade.com\/index.php?rest_route=%2Fwp%2Fv2%2Fmedia&parent=322"}],"curies":[{"name":"wp","href":"https:\/\/api.w.org\/{rel}","templated":true}]}}